{"id":5940,"date":"2026-04-17T08:46:53","date_gmt":"2026-04-17T08:46:53","guid":{"rendered":"https:\/\/strange-roentgen.82-165-63-173.plesk.page\/?page_id=5940"},"modified":"2026-04-17T08:50:51","modified_gmt":"2026-04-17T08:50:51","slug":"che-cose-la-psicoterapia-cognitivo-comportamentale","status":"publish","type":"page","link":"https:\/\/strange-roentgen.82-165-63-173.plesk.page\/index.php\/che-cose-la-psicoterapia-cognitivo-comportamentale\/","title":{"rendered":"Che cos\u2019\u00e8 la psicoterapia cognitivo-comportamentale?"},"content":{"rendered":"\t\t<div data-elementor-type=\"wp-page\" data-elementor-id=\"5940\" class=\"elementor elementor-5940\">\n\t\t\t\t\t\t<section class=\"elementor-section elementor-top-section elementor-element elementor-element-03d7c2c elementor-section-full_width qodef-elementor-content-grid elementor-section-height-default elementor-section-height-default\" data-id=\"03d7c2c\" data-element_type=\"section\" data-e-type=\"section\" data-settings=\"{&quot;background_background&quot;:&quot;classic&quot;}\">\n\t\t\t\t\t\t<div class=\"elementor-container elementor-column-gap-default\">\n\t\t\t\t\t<div class=\"elementor-column elementor-col-100 elementor-top-column elementor-element elementor-element-8d0dace\" data-id=\"8d0dace\" data-element_type=\"column\" data-e-type=\"column\">\n\t\t\t<div class=\"elementor-widget-wrap elementor-element-populated\">\n\t\t\t\t\t\t<div class=\"elementor-element elementor-element-20eeb79 elementor-widget elementor-widget-text-editor\" data-id=\"20eeb79\" data-element_type=\"widget\" data-e-type=\"widget\" data-widget_type=\"text-editor.default\">\n\t\t\t\t\t\t\t\t\t<p>\u00c8 un trattamento psicoterapeutico \u201cbreve\u201d, caratterizzato da un approccio attivo e strutturato, nonch\u00e9 indirizzato alla soluzione dei problemi presentati dal paziente.<\/p>\n<p>In particolare, possiamo definire questo orientamento:<\/p>\n<ul>\n<li><strong>a breve termine<\/strong>: generalmente conduce a modificazioni terapeutiche, in funzione del tipo di problema presentato, fra i tre e i dodici mesi di trattamento, pi\u00f9 spesso entro i primi sei. I risultati terapeutici vengono monitorati a scadenze prestabilite in partenza, ed \u00e8 quindi possibile la valutazione dell&#8217;efficacia dell&#8217;intervento;<\/li>\n<li><strong>attivo e collaborativo<\/strong>: terapeuta e paziente <em>lavorano insieme<\/em>, in modo collaborativo, per riconoscere e modificare le modalit\u00e0 di pensiero a partire da cui si originano i problemi presentati;<\/li>\n<li><strong>strutturato<\/strong>: si articola secondo una struttura ben definita e organizzata, per quanto non rigida, entro cui si snoda il lavoro terapeutico;<\/li>\n<li><strong>mirato allo scopo<\/strong>: all&#8217;inizio della terapia, terapeuta e paziente individuano insieme gli specifici obiettivi da perseguire e un piano di trattamento personalizzato;<\/li>\n<li><strong>centrato sul presente<\/strong>: per quanto la storia personale del paziente permetta di comprendere come e perch\u00e9 ha imparato a ricorrere a determinati meccanismi di pensiero e comportamento che risultano causa delle sue problematiche, la terapia rimane orientata a risolvere i problemi attuali e si focalizza quindi, soprattutto, sul presente;<\/li>\n<li><strong>flessibile<\/strong>: \u00e8 un approccio costantemente flessibile e adattabile alle necessit\u00e0 specifiche del paziente e del suo disturbo;<\/li>\n<li><strong>integrabile<\/strong>: nei casi di particolare necessit\u00e0 si avvale di sinergie con altre tipologie di intervento, come per esempio la terapia di gruppo o trattamenti farmacologici;<\/li>\n<li><strong>a base scientifica<\/strong>: fin dai suoi esordi, questo orientamento si fonda sui risultati della ricerca scientifica e valuta la sua efficacia mediante ricerche sperimentali, affidandosi alla misurazione dei risultati e corredando ogni intervento con la verifica degli esiti;<\/li>\n<li><strong>efficace<\/strong>: l\u2019approccio cognitivo-comportamentale, attraverso ricerche sperimentali condotte con metodo scientifico, ha mostrato risultati uguali \u2013 o in molti casi superiori \u2013 agli psicofarmaci nel trattamento della depressione e dei disturbi d&#8217;ansia, dimostrandosi per\u00f2 assai pi\u00f9 efficace degli psicofarmaci nel prevenire le ricadute;<\/li>\n<li><strong>a lungo termine<\/strong>: ricerche ed esperimenti dimostrano che, per una vasta gamma di disturbi, i cambiamenti ottenuti con le tecniche cognitivo-comportamentali si mantengono a lungo nel tempo, e permettono ai pazienti di affrontare eventuali problematiche e ricadute con maggior efficacia.<\/li>\n<\/ul>\n<p>\u00a0<\/p>\n<p>Uno degli obiettivi primari della terapia cognitivo-comportamentale \u00e8 aiutare il paziente a identificare, e successivamente modificare i meccanismi di pensiero distorti che sono alla base delle sue difficolt\u00e0, cambiando di conseguenza anche il suo modo di percepire e di agire e indirizzandolo verso modalit\u00e0 di pensiero e comportamento pi\u00f9 adattive ed efficaci per il raggiungimento dei propri scopi e del proprio benessere.<\/p>\n<p>In sostanza, la terapia cognitivo-comportamentale lavora identificando e successivamente modificando gli schemi mentali (spesso automatici) delle persone e, di conseguenza, i loro comportamenti. Per fare ci\u00f2, interviene sui processi cognitivi (i pensieri, le immagini e i meccanismi mentali) e sul modo in cui essi influenzano i comportamenti e le emozioni delle persone.<\/p>\n<p>Uno dei vantaggi di questo approccio, rispetto ad altri orientamenti psicoterapeutici, \u00e8 la sua brevit\u00e0 \u2013 per quanto sia impossibile prevedere a priori la durata e ogni intervento sia un caso a s\u00e9, in genere affronta la maggior parte delle problematiche emozionali in un arco che va dai tre ai sei mesi. Gli incontri hanno in genere una cadenza settimanale [bisettimanale in caso di momenti di particolare crisi; quindicinali quando la terapia si avvia a conclusione] e una durata di circa 50 \/ 60 minuti.<\/p>\n<p>Durante le sedute, paziente e terapeuta lavorano <em>insieme<\/em> per comprendere il problema presentato \u2013 attraverso l\u2019analisi e la verifica di ipotesi esplicative, la ricerca di episodi esemplificativi e la messa in atto di appositi \u201cesperimenti\u201d di controllo \u2013 e sviluppare strategie alternative per affrontarlo e risolverlo. L\u2019approccio cognitivo-comportamentale fornisce inoltre al paziente una serie di principi operativi che, una volta validati in sede di analisi del problema insieme al terapeuta, potranno venir rievocati e applicati nella vita di tutti i giorni ogniqualvolta il paziente dovesse trovarsi in dubbio o in difficolt\u00e0.<\/p>\n<p>In sintesi, si tratta di una combinazione tra psicoterapia e terapia comportamentale: la prima pone enfasi sull\u2019importanza del significato, del tutto personale, che ognuno di noi attribuisce alle esperienze con cui entra in contatto e sul fatto che impariamo a utilizzare alcuni meccanismi mentali piuttosto che altri nella nostra infanzia; la seconda si focalizza sulla stretta relazione esistente tra i problemi, i comportamenti e i pensieri.<\/p>\n<p>L\u2019equilibrio fra gli elementi cognitivi e quelli comportamentali varia tra i diversi sottotipi di terapia e in relazione all\u2019orientamento personale dei terapeuti, alle caratteristiche dei pazienti e alla natura dei problemi presentati.<\/p>\t\t\t\t\t\t\t\t<\/div>\n\t\t\t\t\t<\/div>\n\t\t<\/div>\n\t\t\t\t\t<\/div>\n\t\t<\/section>\n\t\t\t\t<section class=\"elementor-section elementor-top-section elementor-element elementor-element-29f3602 elementor-section-full_width qodef-elementor-content-grid elementor-section-height-default elementor-section-height-default\" data-id=\"29f3602\" data-element_type=\"section\" data-e-type=\"section\" data-settings=\"{&quot;background_background&quot;:&quot;classic&quot;}\">\n\t\t\t\t\t\t<div class=\"elementor-container elementor-column-gap-default\">\n\t\t\t\t\t<div class=\"elementor-column elementor-col-100 elementor-top-column elementor-element elementor-element-cce58bb\" data-id=\"cce58bb\" data-element_type=\"column\" data-e-type=\"column\">\n\t\t\t<div class=\"elementor-widget-wrap elementor-element-populated\">\n\t\t\t\t\t\t<div class=\"elementor-element elementor-element-1163880 elementor-widget elementor-widget-wellmont_core_section_title\" data-id=\"1163880\" data-element_type=\"widget\" data-e-type=\"widget\" data-widget_type=\"wellmont_core_section_title.default\">\n\t\t\t\t<div class=\"elementor-widget-container\">\n\t\t\t\t\t<div class=\"qodef-shortcode qodef-m qodef-section-title qodef-alignment--left\">\n\t\t\t<h3 class=\"qodef-m-title\" >\n\t\t\t\t\tSei pronto a iniziare il tuo percorso?\t\t\t<\/h3>\n\t\t<\/div>\n\t\t\t\t<\/div>\n\t\t\t\t<\/div>\n\t\t\t\t<div class=\"elementor-element elementor-element-3d8181b elementor-widget elementor-widget-text-editor\" data-id=\"3d8181b\" data-element_type=\"widget\" data-e-type=\"widget\" data-widget_type=\"text-editor.default\">\n\t\t\t\t\t\t\t\t\t<p>Il primo passo \u00e8 spesso il pi\u00f9 difficile.<\/p><p>Contattami per una consulenza conoscitiva: insieme valuteremo se questo approccio \u00e8 quello giusto per te.<\/p>\t\t\t\t\t\t\t\t<\/div>\n\t\t\t\t<div class=\"elementor-element elementor-element-c494cef elementor-widget elementor-widget-wellmont_core_button\" data-id=\"c494cef\" data-element_type=\"widget\" data-e-type=\"widget\" data-widget_type=\"wellmont_core_button.default\">\n\t\t\t\t<div class=\"elementor-widget-container\">\n\t\t\t\t\t<a class=\"qodef-shortcode qodef-m qodef-button qodef-layout--textual qodef-html--link\" href=\"\" target=\"_self\"  >\n\t<span class=\"qodef-m-text\">Scrivimi<\/span>\n\t<svg class=\"qodef-svg--button-arrow qodef-m-arrow\" xmlns=\"http:\/\/www.w3.org\/2000\/svg\" xmlns:xlink=\"http:\/\/www.w3.org\/1999\/xlink\" width=\"8.856\" height=\"8.876\" viewBox=\"0 0 8.856 8.876\"><g transform=\"translate(573.854 -2065.977)\"><path d=\"M-1210.5-36.046v-7.477h-7.589\" transform=\"translate(645 2110)\" fill=\"none\" stroke=\"currentColor\" stroke-width=\"1\"\/><line x1=\"8\" y2=\"8\" transform=\"translate(-573.5 2066.5)\" fill=\"none\" stroke=\"currentColor\" stroke-width=\"1\"\/><\/g><\/svg><\/a>\n\t\t\t\t<\/div>\n\t\t\t\t<\/div>\n\t\t\t\t\t<\/div>\n\t\t<\/div>\n\t\t\t\t\t<\/div>\n\t\t<\/section>\n\t\t\t\t<\/div>\n\t\t","protected":false},"excerpt":{"rendered":"<p>\u00c8 un trattamento psicoterapeutico \u201cbreve\u201d, caratterizzato da un approccio attivo e strutturato, nonch\u00e9 indirizzato alla soluzione dei problemi presentati dal paziente. In particolare, possiamo definire questo orientamento: a breve termine: generalmente conduce a modificazioni terapeutiche, in funzione del tipo di problema presentato, fra i tre e i dodici mesi di trattamento, pi\u00f9 spesso entro i [&hellip;]<\/p>\n","protected":false},"author":1,"featured_media":0,"parent":0,"menu_order":0,"comment_status":"closed","ping_status":"closed","template":"page-full-width.php","meta":{"footnotes":""},"class_list":["post-5940","page","type-page","status-publish","hentry"],"_links":{"self":[{"href":"https:\/\/strange-roentgen.82-165-63-173.plesk.page\/index.php\/wp-json\/wp\/v2\/pages\/5940","targetHints":{"allow":["GET"]}}],"collection":[{"href":"https:\/\/strange-roentgen.82-165-63-173.plesk.page\/index.php\/wp-json\/wp\/v2\/pages"}],"about":[{"href":"https:\/\/strange-roentgen.82-165-63-173.plesk.page\/index.php\/wp-json\/wp\/v2\/types\/page"}],"author":[{"embeddable":true,"href":"https:\/\/strange-roentgen.82-165-63-173.plesk.page\/index.php\/wp-json\/wp\/v2\/users\/1"}],"replies":[{"embeddable":true,"href":"https:\/\/strange-roentgen.82-165-63-173.plesk.page\/index.php\/wp-json\/wp\/v2\/comments?post=5940"}],"version-history":[{"count":4,"href":"https:\/\/strange-roentgen.82-165-63-173.plesk.page\/index.php\/wp-json\/wp\/v2\/pages\/5940\/revisions"}],"predecessor-version":[{"id":5945,"href":"https:\/\/strange-roentgen.82-165-63-173.plesk.page\/index.php\/wp-json\/wp\/v2\/pages\/5940\/revisions\/5945"}],"wp:attachment":[{"href":"https:\/\/strange-roentgen.82-165-63-173.plesk.page\/index.php\/wp-json\/wp\/v2\/media?parent=5940"}],"curies":[{"name":"wp","href":"https:\/\/api.w.org\/{rel}","templated":true}]}}